{"id":20,"date":"2025-07-26T15:40:59","date_gmt":"2025-07-26T12:40:59","guid":{"rendered":"https:\/\/projects.snau.edu.ua\/soil-expert\/?page_id=20"},"modified":"2025-07-26T15:40:59","modified_gmt":"2025-07-26T12:40:59","slug":"media-about-us","status":"publish","type":"page","link":"https:\/\/projects.snau.edu.ua\/soil-expert\/en\/media-about-us\/","title":{"rendered":"Media about Us"},"content":{"rendered":"\n<ul class=\"wp-block-list\">\n<li><a href=\"https:\/\/wyborcza.pl\/7,75398,30766192,w-osiem-sekund-dolatuje-tu-wszystko-co-wystrzela-rosjanie-mozesz.html\">Gallowie spod rosyjskiej granicy. Do Sum i Bia\u0142opola zawie\u017ali\u015bmy pomoc od czytelnik\u00f3w \u201cWyborczej\u201d<\/a><\/li>\n\n\n\n<li><a href=\"https:\/\/www-bbc-com.cdn.ampproject.org\/c\/s\/www.bbc.com\/news\/uk-england-gloucestershire-67738569.amp\">Cirencester researchers help find contaminated farmland in Ukraine<\/a><\/li>\n\n\n\n<li><a href=\"https:\/\/www.bbc.com\/news\/uk-england-gloucestershire-66743257\">Polluted soil from Ukrainian battlefields analysed<\/a><\/li>\n<\/ul>\n","protected":false},"excerpt":{"rendered":"","protected":false},"author":1,"featured_media":0,"parent":0,"menu_order":30,"comment_status":"closed","ping_status":"closed","template":"","meta":{"_acf_changed":false,"footnotes":""},"class_list":["post-20","page","type-page","status-publish","hentry"],"acf":[],"_links":{"self":[{"href":"https:\/\/projects.snau.edu.ua\/soil-expert\/wp-json\/wp\/v2\/pages\/20","targetHints":{"allow":["GET"]}}],"collection":[{"href":"https:\/\/projects.snau.edu.ua\/soil-expert\/wp-json\/wp\/v2\/pages"}],"about":[{"href":"https:\/\/projects.snau.edu.ua\/soil-expert\/wp-json\/wp\/v2\/types\/page"}],"author":[{"embeddable":true,"href":"https:\/\/projects.snau.edu.ua\/soil-expert\/wp-json\/wp\/v2\/users\/1"}],"replies":[{"embeddable":true,"href":"https:\/\/projects.snau.edu.ua\/soil-expert\/wp-json\/wp\/v2\/comments?post=20"}],"version-history":[{"count":1,"href":"https:\/\/projects.snau.edu.ua\/soil-expert\/wp-json\/wp\/v2\/pages\/20\/revisions"}],"predecessor-version":[{"id":21,"href":"https:\/\/projects.snau.edu.ua\/soil-expert\/wp-json\/wp\/v2\/pages\/20\/revisions\/21"}],"wp:attachment":[{"href":"https:\/\/projects.snau.edu.ua\/soil-expert\/wp-json\/wp\/v2\/media?parent=20"}],"curies":[{"name":"wp","href":"https:\/\/api.w.org\/{rel}","templated":true}]}}