{"id":14,"date":"2025-07-26T11:55:48","date_gmt":"2025-07-26T08:55:48","guid":{"rendered":"https:\/\/projects.snau.edu.ua\/soil-expert\/?page_id=14"},"modified":"2025-07-26T15:40:39","modified_gmt":"2025-07-26T12:40:39","slug":"zmi-pro-nas","status":"publish","type":"page","link":"https:\/\/projects.snau.edu.ua\/soil-expert\/zmi-pro-nas\/","title":{"rendered":"\u0417\u041c\u0406 \u043f\u0440\u043e \u043d\u0430\u0441"},"content":{"rendered":"\n<ul class=\"wp-block-list\">\n<li><a href=\"https:\/\/wyborcza.pl\/7,75398,30766192,w-osiem-sekund-dolatuje-tu-wszystko-co-wystrzela-rosjanie-mozesz.html\">Gallowie spod rosyjskiej granicy. Do Sum i Bia\u0142opola zawie\u017ali\u015bmy pomoc od czytelnik\u00f3w \u201cWyborczej\u201d<\/a><\/li>\n\n\n\n<li><a href=\"https:\/\/www-bbc-com.cdn.ampproject.org\/c\/s\/www.bbc.com\/news\/uk-england-gloucestershire-67738569.amp\">Cirencester researchers help find contaminated farmland in Ukraine<\/a><\/li>\n\n\n\n<li><a href=\"https:\/\/www.bbc.com\/news\/uk-england-gloucestershire-66743257\">Polluted soil from Ukrainian battlefields analysed<\/a><\/li>\n<\/ul>\n","protected":false},"excerpt":{"rendered":"","protected":false},"author":1,"featured_media":0,"parent":0,"menu_order":30,"comment_status":"closed","ping_status":"closed","template":"","meta":{"_acf_changed":false,"footnotes":""},"class_list":["post-14","page","type-page","status-publish","hentry"],"acf":[],"_links":{"self":[{"href":"https:\/\/projects.snau.edu.ua\/soil-expert\/wp-json\/wp\/v2\/pages\/14","targetHints":{"allow":["GET"]}}],"collection":[{"href":"https:\/\/projects.snau.edu.ua\/soil-expert\/wp-json\/wp\/v2\/pages"}],"about":[{"href":"https:\/\/projects.snau.edu.ua\/soil-expert\/wp-json\/wp\/v2\/types\/page"}],"author":[{"embeddable":true,"href":"https:\/\/projects.snau.edu.ua\/soil-expert\/wp-json\/wp\/v2\/users\/1"}],"replies":[{"embeddable":true,"href":"https:\/\/projects.snau.edu.ua\/soil-expert\/wp-json\/wp\/v2\/comments?post=14"}],"version-history":[{"count":2,"href":"https:\/\/projects.snau.edu.ua\/soil-expert\/wp-json\/wp\/v2\/pages\/14\/revisions"}],"predecessor-version":[{"id":18,"href":"https:\/\/projects.snau.edu.ua\/soil-expert\/wp-json\/wp\/v2\/pages\/14\/revisions\/18"}],"wp:attachment":[{"href":"https:\/\/projects.snau.edu.ua\/soil-expert\/wp-json\/wp\/v2\/media?parent=14"}],"curies":[{"name":"wp","href":"https:\/\/api.w.org\/{rel}","templated":true}]}}